{"id":9,"date":"2021-03-03T17:35:58","date_gmt":"2021-03-03T17:35:58","guid":{"rendered":"https:\/\/www.integra-abp.org.mx\/?page_id=9"},"modified":"2025-06-04T22:40:23","modified_gmt":"2025-06-04T22:40:23","slug":"consulta-externa","status":"publish","type":"page","link":"https:\/\/www.integra-abp.org.mx\/?page_id=9","title":{"rendered":"Consulta externa"},"content":{"rendered":"<div class=\"container\">\n<div class=\"row\">\n<div class=\"col-md-12 categorias\">Consulta Externa, a trav\u00e9s de este programa se tiene un acercamiento directo con los pacientes y son asignados al servicio que requieren, como puede ser Psicolog\u00eda, Psiquiatr\u00eda, Neurolog\u00eda, Neuropeditar\u00eda, Neurorehabilitaci\u00f3n, Estudio de electroencefalograma o Pruebas para evaluar d\u00e9ficit de atenci\u00f3n o hiperactividad o autismo.<\/div>\n<\/div>\n<\/div>\n<div class=\"instalaciones-list\">\n<h2>Servicios<\/h2>\n<\/div>\n<div class=\"container\">\n<div class=\"row\">\n<div class=\"col-md-12\">\n<table class=\"table servicios categorias\" style=\"margin-top: 3%; color: #157dbf;\">\n<thead><\/thead>\n<tbody style=\"color: white!important;\">\n<tr>\n<th scope=\"row\">Psicolog\u00eda<\/th>\n<td>Lunes a Viernes 9:00 AM A 1:00 PM Y 2:30 A 6:30 PM<\/p>\n<p>Lic. Juliana Jhovani Uvalle Zamarripa<br \/>\nLic. Daniel Guti\u00e9rrez Mart\u00ednez<\/td>\n<\/tr>\n<tr>\n<th scope=\"row\">Psiquiatr\u00eda<\/th>\n<td><span style=\"color: #000000;\">Dr. Rogers Alcides Pezoa Pati\u00f1o<\/span><\/p>\n<p><span style=\"color: #000000;\">Lunes 4:00 A 7:00 pm<\/span><br \/>\n<span style=\"color: #000000;\">Martes 4 :00 a\u00a0 7:00 pm.<\/span><\/p>\n<p>&nbsp;<\/p>\n<p><span style=\"color: #000000;\">Dra. Magdalena Dur\u00e1n Pi\u00f1\u00f3n <\/span><\/p>\n<p><span style=\"color: #000000;\">Mi\u00e9rcoles 9:00 A 1:00 pm 3:00 a 7:00pm<\/span><\/p>\n<p><span style=\"color: #000000;\">Jueves 9:00 A 1:00 pm 3:00 a 7:00pm<\/span><\/p>\n<p>&nbsp;<\/p>\n<p><span style=\"color: #000000;\">Dr. Reynaldo Mahuad Berlanga <\/span><\/p>\n<p><span style=\"color: #000000;\">Director M\u00e9dico<\/span><\/p>\n<p><span style=\"color: #000000;\">Viernes 4:00 a 7:00 pm<br \/>\nS\u00e1bado 9:00 am a 1:00 pm<br \/>\n<\/span><\/p>\n<p>&nbsp;<\/p>\n<p><span style=\"color: #000000;\">Dra. Cintia Mend\u00eda<\/span><\/p>\n<p><span style=\"color: #000000;\">S\u00e1bado 9:00 am a 1:00 pm<\/span><\/td>\n<\/tr>\n<tr>\n<th scope=\"row\">Neurolog\u00eda<\/th>\n<td>Lunes 9:30 am a 1:00 pm<br \/>\n<b>Dr. Rogelio Elizondo Perea<\/b><\/td>\n<\/tr>\n<\/tbody>\n<\/table>\n<\/div>\n<\/div>\n<\/div>\n<div class=\"instalaciones-list\">\n<h2>Costos<\/h2>\n<\/div>\n<div class=\"container\">\n<div class=\"row\">\n<div class=\"col-md-12\">\n<h2 style=\"color: #18a497; text-align: center; margin: 3%;\">Consulta Externa<\/h2>\n<table class=\"table servicios categorias\" style=\"height: 270px;\" width=\"822\">\n<tbody>\n<tr>\n<th scope=\"row\">Psicolog\u00eda<\/th>\n<td>$450.00<\/td>\n<\/tr>\n<tr>\n<th scope=\"row\">Psiquiatr\u00eda<\/th>\n<td>$1,100.00<\/td>\n<\/tr>\n<tr>\n<th scope=\"row\">Neurolog\u00eda<\/th>\n<td>$1,100.00<\/td>\n<\/tr>\n<tr>\n<th scope=\"row\">Terapia de Neuromodulaci\u00f3n<\/th>\n<td>$450.00 por sesi\u00f3n<\/td>\n<th scope=\"row\"><\/th>\n<td><\/td>\n<\/tr>\n<tr>\n<th scope=\"row\"><\/th>\n<td><\/td>\n<\/tr>\n<tr>\n<th scope=\"row\"><\/th>\n<td><\/td>\n<\/tr>\n<\/tbody>\n<\/table>\n<\/div>\n<\/div>\n<p>&nbsp;<\/p>\n<div class=\"container\">\n<div class=\"row\">\n<div class=\"col-md-12 categorias\">\u00a0 \u00a0 \u00a0 \u00a0 \u00a0 \u00a0 \u00a0 \u00a0 \u00a0 \u00a0 \u00a0 \u00a0 \u00a0 \u00a0 \u00a0 INTERNAMIENTO TEMPORAL $2,200.00 POR D\u00cdA<\/div>\n<\/div>\n<p>&nbsp;<\/p>\n<div class=\"container\">\n<div class=\"row\">\n<div class=\"col-md-12\">\n<p><span style=\"color: #18a497; margin: 3%;\"><b>* Las cuotas son asignadas por el departamento de trabajo social a trav\u00e9s de la aplicaci\u00f3n de un estudio socioecon\u00f3mico.<\/b><\/span><\/p>\n<\/div>\n<div class=\"doctoralia col-md-12\" style=\"margin-top: 3%; text-align: center;\">Reservar cita<\/div>\n<\/div>\n<\/div>\n<div class=\"instalaciones-list\">\n<h2>Galeria<\/h2>\n<\/div>\n<div class=\"container\">\n<div class=\"galeria-style\"><style>#jtg-359 .modula-item .jtg-social a, .lightbox-socials.jtg-social a{ fill: #ffffff; color: #ffffff }#jtg-359 .modula-item .jtg-social-mobile a{ fill: #ffffff; color: #ffffff }#jtg-359 .modula-item .jtg-social svg, .lightbox-socials.jtg-social svg { height: 16px; width: 16px }#jtg-359 .modula-item .jtg-social-mobile svg { height: 16px; width: 16px }#jtg-359 .modula-item .jtg-social a:not(:last-child), .lightbox-socials.jtg-social a:not(:last-child) { margin-right: 10px }#jtg-359 .modula-item .jtg-social-mobile .jtg-social-mobile-icons a:not(:last-child){ margin-right: 10px }#jtg-359 .modula-item .figc {color:#ffffff;}#jtg-359 .modula-item .modula-item-content { transform: scale(1) }#jtg-359 { width:100%;}#jtg-359 .modula-items{height:800px;}@media screen and (max-width: 992px) {#jtg-359 .modula-items{height:800px;}}@media screen and (max-width: 768px) {#jtg-359 .modula-items{height:800px;}}#jtg-359 .modula-items .figc p.description { font-size:14px; }#jtg-359 .modula-items .figc p.description { color:#ffffff;}#jtg-359.modula-gallery .modula-item > a, #jtg-359.modula-gallery .modula-item, #jtg-359.modula-gallery .modula-item-content > a:not(.modula-no-follow) { cursor:zoom-in; } #jtg-359.modula-gallery .modula-item-content .modula-no-follow { cursor: default; } @media screen and (max-width:480px){#jtg-359 .modula-item .figc .jtg-title {  font-size: 12px; }#jtg-359 .modula-items .figc p.description { color:#ffffff;font-size:10px; }}#jtg-359 .modula-items .modula-item:hover img{opacity:1;}<\/style>\n<!-- Gallery Container -->\n<div  id=\"jtg-359\" class=\"modula modula-gallery modula-creative-gallery\" data-config=\"{&quot;height&quot;:800,&quot;tabletHeight&quot;:800,&quot;mobileHeight&quot;:800,&quot;desktopHeight&quot;:800,&quot;enableTwitter&quot;:false,&quot;enableWhatsapp&quot;:false,&quot;enableFacebook&quot;:false,&quot;enablePinterest&quot;:false,&quot;enableLinkedin&quot;:false,&quot;enableEmail&quot;:false,&quot;randomFactor&quot;:0.52,&quot;type&quot;:&quot;creative-gallery&quot;,&quot;columns&quot;:12,&quot;gutter&quot;:5,&quot;mobileGutter&quot;:5,&quot;tabletGutter&quot;:5,&quot;desktopGutter&quot;:5,&quot;enableResponsive&quot;:&quot;0&quot;,&quot;tabletColumns&quot;:2,&quot;mobileColumns&quot;:1,&quot;lazyLoad&quot;:&quot;0&quot;,&quot;lightboxOpts&quot;:{&quot;animated&quot;:true,&quot;Thumbs&quot;:{&quot;type&quot;:&quot;modern&quot;,&quot;showOnStart&quot;:false},&quot;Toolbar&quot;:{&quot;display&quot;:{&quot;right&quot;:[&quot;close&quot;]},&quot;enabled&quot;:true},&quot;Carousel&quot;:{&quot;Panzoom&quot;:{&quot;touch&quot;:false},&quot;infinite&quot;:false},&quot;keyboard&quot;:{&quot;Escape&quot;:&quot;close&quot;,&quot;Delete&quot;:&quot;close&quot;,&quot;Backspace&quot;:&quot;close&quot;,&quot;PageUp&quot;:false,&quot;PageDown&quot;:false,&quot;ArrowUp&quot;:false,&quot;ArrowDown&quot;:false,&quot;ArrowRight&quot;:false,&quot;ArrowLeft&quot;:false},&quot;touch&quot;:false,&quot;backdropClick&quot;:false,&quot;l10n&quot;:{&quot;CLOSE&quot;:&quot;Close&quot;,&quot;NEXT&quot;:&quot;Next&quot;,&quot;PREV&quot;:&quot;Previous&quot;,&quot;Error&quot;:&quot;The requested content cannot be loaded. Please try again later.&quot;,&quot;PLAY_START&quot;:&quot;Start slideshow&quot;,&quot;PLAY_STOP&quot;:&quot;Pause slideshow&quot;,&quot;FULL_SCREEN&quot;:&quot;Full screen&quot;,&quot;THUMBS&quot;:&quot;Thumbnails&quot;,&quot;DOWNLOAD&quot;:&quot;Download&quot;,&quot;SHARE&quot;:&quot;Share&quot;,&quot;ZOOM&quot;:&quot;Zoom&quot;,&quot;EMAIL&quot;:&quot;Here is the link to the image : %%image_link%% and this is the link to the gallery : %%gallery_link%%&quot;,&quot;MODAL&quot;:&quot;You can close this modal content with the ESC key&quot;,&quot;ERROR&quot;:&quot;Something Went Wrong, Please Try Again Later&quot;,&quot;IMAGE_ERROR&quot;:&quot;Image Not Found&quot;,&quot;ELEMENT_NOT_FOUND&quot;:&quot;HTML Element Not Found&quot;,&quot;AJAX_NOT_FOUND&quot;:&quot;Error Loading AJAX : Not Found&quot;,&quot;AJAX_FORBIDDEN&quot;:&quot;Error Loading AJAX : Forbidden&quot;,&quot;IFRAME_ERROR&quot;:&quot;Error Loading Page&quot;,&quot;TOGGLE_ZOOM&quot;:&quot;Toggle zoom level&quot;,&quot;TOGGLE_THUMBS&quot;:&quot;Toggle thumbnails&quot;,&quot;TOGGLE_SLIDESHOW&quot;:&quot;Toggle slideshow&quot;,&quot;TOGGLE_FULLSCREEN&quot;:&quot;Toggle full-screen mode&quot;},&quot;Images&quot;:{&quot;Panzoom&quot;:{&quot;maxScale&quot;:2}},&quot;mainClass&quot;:&quot;modula-fancybox-container modula-lightbox-jtg-359&quot;,&quot;Html&quot;:{&quot;videoAutoplay&quot;:0,&quot;videoTpl&quot;:&quot;&lt;video class=\\&quot;fancybox__html5video\\&quot; controls muted playsinline controlsList controlsList=\\&quot;nodownload\\&quot; poster=\\&quot;{{poster}}\\&quot; src=\\&quot;{{src}}\\&quot; type=\\&quot;{{format}}\\&quot; &gt;  Sorry, your browser doesn&#039;t support embedded videos, &lt;a href=\\&quot;{{src}}\\&quot;&gt; download &lt;\\\/a&gt; and watch with your favorite video player! &lt;\\\/video&gt;&quot;}},&quot;inView&quot;:false,&quot;email_subject&quot;:&quot;Check out this awesome image !!&quot;,&quot;email_message&quot;:&quot;Here is the link to the image : %%image_link%% and this is the link to the gallery : %%gallery_link%%&quot;,&quot;lightbox&quot;:&quot;fancybox&quot;}\">\n\n\t\n\t<!-- Items Container -->\n\t<div  class=\"modula-items\">\n\t\t<div class=\"modula-item\" >\n\t<div class=\"modula-item-content\">\n\t\t\n\t\t\t\t\t<a data-image-id=\"441\" tabindex=\"0\" rel=\"jtg-359\" data-caption=\"Consultorio de Psiquiatr\u00eda\" aria-label=\"Open image in lightbox\" role=\"button\" class=\"tile-inner modula-item-link\"><\/a>\n\t\t\n\t\t<img loading=\"lazy\" decoding=\"async\" class=\"pic wp-image-441\"  data-valign=\"middle\" data-halign=\"center\" alt=\"\" data-full=\"https:\/\/www.integra-abp.org.mx\/wp-content\/uploads\/2021\/03\/CONSULTORIO-PSIQUIATRIA.jpg\" title=\"CONSULTORIO PSIQUIATRIA\" width=\"1920\" height=\"2560\" src=\"https:\/\/www.integra-abp.org.mx\/wp-content\/uploads\/2021\/03\/CONSULTORIO-PSIQUIATRIA.jpg\" data-src=\"https:\/\/www.integra-abp.org.mx\/wp-content\/uploads\/2021\/03\/CONSULTORIO-PSIQUIATRIA.jpg\" data-caption=\"Consultorio de Psiquiatr\u00eda\" srcset=\"https:\/\/www.integra-abp.org.mx\/wp-content\/uploads\/2021\/03\/CONSULTORIO-PSIQUIATRIA-scaled.jpg 1920w, https:\/\/www.integra-abp.org.mx\/wp-content\/uploads\/2021\/03\/CONSULTORIO-PSIQUIATRIA-225x300.jpg 225w, https:\/\/www.integra-abp.org.mx\/wp-content\/uploads\/2021\/03\/CONSULTORIO-PSIQUIATRIA-768x1024.jpg 768w, https:\/\/www.integra-abp.org.mx\/wp-content\/uploads\/2021\/03\/CONSULTORIO-PSIQUIATRIA-1152x1536.jpg 1152w, https:\/\/www.integra-abp.org.mx\/wp-content\/uploads\/2021\/03\/CONSULTORIO-PSIQUIATRIA-1536x2048.jpg 1536w, https:\/\/www.integra-abp.org.mx\/wp-content\/uploads\/2021\/03\/CONSULTORIO-PSIQUIATRIA-500x667.jpg 500w, https:\/\/www.integra-abp.org.mx\/wp-content\/uploads\/2021\/03\/CONSULTORIO-PSIQUIATRIA-800x1067.jpg 800w, https:\/\/www.integra-abp.org.mx\/wp-content\/uploads\/2021\/03\/CONSULTORIO-PSIQUIATRIA-1280x1707.jpg 1280w\" sizes=\"auto, (max-width: 1920px) 100vw, 1920px\" \/>\n\t<\/div>\n\n<\/div><div class=\"modula-item\" >\n\t<div class=\"modula-item-content\">\n\t\t\n\t\t\t\t\t<a data-image-id=\"481\" tabindex=\"0\" rel=\"jtg-359\" data-caption=\"Recepci\u00f3n\" aria-label=\"Open image in lightbox\" role=\"button\" class=\"tile-inner modula-item-link\"><\/a>\n\t\t\n\t\t<img loading=\"lazy\" decoding=\"async\" class=\"pic wp-image-481\"  data-valign=\"middle\" data-halign=\"center\" alt=\"\" data-full=\"https:\/\/www.integra-abp.org.mx\/wp-content\/uploads\/2021\/03\/1-RECEPCION-CONSULTA-EXTERNA-NUEVA.jpg\" title=\"RECEPCION CONSULTA EXTERNA NUEVA\" width=\"2560\" height=\"1920\" src=\"https:\/\/www.integra-abp.org.mx\/wp-content\/uploads\/2021\/03\/1-RECEPCION-CONSULTA-EXTERNA-NUEVA.jpg\" data-src=\"https:\/\/www.integra-abp.org.mx\/wp-content\/uploads\/2021\/03\/1-RECEPCION-CONSULTA-EXTERNA-NUEVA.jpg\" data-caption=\"Recepci\u00f3n\" srcset=\"https:\/\/www.integra-abp.org.mx\/wp-content\/uploads\/2021\/03\/1-RECEPCION-CONSULTA-EXTERNA-NUEVA-scaled.jpg 2560w, https:\/\/www.integra-abp.org.mx\/wp-content\/uploads\/2021\/03\/1-RECEPCION-CONSULTA-EXTERNA-NUEVA-300x225.jpg 300w, https:\/\/www.integra-abp.org.mx\/wp-content\/uploads\/2021\/03\/1-RECEPCION-CONSULTA-EXTERNA-NUEVA-1024x768.jpg 1024w, https:\/\/www.integra-abp.org.mx\/wp-content\/uploads\/2021\/03\/1-RECEPCION-CONSULTA-EXTERNA-NUEVA-768x576.jpg 768w, https:\/\/www.integra-abp.org.mx\/wp-content\/uploads\/2021\/03\/1-RECEPCION-CONSULTA-EXTERNA-NUEVA-1536x1152.jpg 1536w, https:\/\/www.integra-abp.org.mx\/wp-content\/uploads\/2021\/03\/1-RECEPCION-CONSULTA-EXTERNA-NUEVA-2048x1536.jpg 2048w, https:\/\/www.integra-abp.org.mx\/wp-content\/uploads\/2021\/03\/1-RECEPCION-CONSULTA-EXTERNA-NUEVA-500x375.jpg 500w, https:\/\/www.integra-abp.org.mx\/wp-content\/uploads\/2021\/03\/1-RECEPCION-CONSULTA-EXTERNA-NUEVA-800x600.jpg 800w, https:\/\/www.integra-abp.org.mx\/wp-content\/uploads\/2021\/03\/1-RECEPCION-CONSULTA-EXTERNA-NUEVA-1280x960.jpg 1280w, https:\/\/www.integra-abp.org.mx\/wp-content\/uploads\/2021\/03\/1-RECEPCION-CONSULTA-EXTERNA-NUEVA-1920x1440.jpg 1920w\" sizes=\"auto, (max-width: 2560px) 100vw, 2560px\" \/>\n\t<\/div>\n\n<\/div><div class=\"modula-item\" >\n\t<div class=\"modula-item-content\">\n\t\t\n\t\t\t\t\t<a data-image-id=\"442\" tabindex=\"0\" rel=\"jtg-359\" data-caption=\"\" aria-label=\"Open image in lightbox\" role=\"button\" class=\"tile-inner modula-item-link\"><\/a>\n\t\t\n\t\t<img loading=\"lazy\" decoding=\"async\" class=\"pic wp-image-442\"  data-valign=\"middle\" data-halign=\"center\" alt=\"\" data-full=\"https:\/\/www.integra-abp.org.mx\/wp-content\/uploads\/2021\/03\/ESTUDIO-DE-ELECTROENCEFALOGRAMA.jpg\" title=\"ESTUDIO DE ELECTROENCEFALOGRAMA\" width=\"1920\" height=\"2560\" src=\"https:\/\/www.integra-abp.org.mx\/wp-content\/uploads\/2021\/03\/ESTUDIO-DE-ELECTROENCEFALOGRAMA.jpg\" data-src=\"https:\/\/www.integra-abp.org.mx\/wp-content\/uploads\/2021\/03\/ESTUDIO-DE-ELECTROENCEFALOGRAMA.jpg\" data-caption=\"\" srcset=\"https:\/\/www.integra-abp.org.mx\/wp-content\/uploads\/2021\/03\/ESTUDIO-DE-ELECTROENCEFALOGRAMA-scaled.jpg 1920w, https:\/\/www.integra-abp.org.mx\/wp-content\/uploads\/2021\/03\/ESTUDIO-DE-ELECTROENCEFALOGRAMA-225x300.jpg 225w, https:\/\/www.integra-abp.org.mx\/wp-content\/uploads\/2021\/03\/ESTUDIO-DE-ELECTROENCEFALOGRAMA-768x1024.jpg 768w, https:\/\/www.integra-abp.org.mx\/wp-content\/uploads\/2021\/03\/ESTUDIO-DE-ELECTROENCEFALOGRAMA-1152x1536.jpg 1152w, https:\/\/www.integra-abp.org.mx\/wp-content\/uploads\/2021\/03\/ESTUDIO-DE-ELECTROENCEFALOGRAMA-1536x2048.jpg 1536w, https:\/\/www.integra-abp.org.mx\/wp-content\/uploads\/2021\/03\/ESTUDIO-DE-ELECTROENCEFALOGRAMA-500x667.jpg 500w, https:\/\/www.integra-abp.org.mx\/wp-content\/uploads\/2021\/03\/ESTUDIO-DE-ELECTROENCEFALOGRAMA-800x1067.jpg 800w, https:\/\/www.integra-abp.org.mx\/wp-content\/uploads\/2021\/03\/ESTUDIO-DE-ELECTROENCEFALOGRAMA-1280x1707.jpg 1280w\" sizes=\"auto, (max-width: 1920px) 100vw, 1920px\" \/>\n\t<\/div>\n\n<\/div><div class=\"modula-item\" >\n\t<div class=\"modula-item-content\">\n\t\t\n\t\t\t\t\t<a data-image-id=\"438\" tabindex=\"0\" rel=\"jtg-359\" data-caption=\"Consultorio de Neurolog\u00eda\" aria-label=\"Open image in lightbox\" role=\"button\" class=\"tile-inner modula-item-link\"><\/a>\n\t\t\n\t\t<img loading=\"lazy\" decoding=\"async\" class=\"pic wp-image-438\"  data-valign=\"middle\" data-halign=\"center\" alt=\"\" data-full=\"https:\/\/www.integra-abp.org.mx\/wp-content\/uploads\/2021\/03\/CONSULTORIO-NEUROLOGIA.jpg\" title=\"CONSULTORIO NEUROLOGIA\" width=\"1920\" height=\"2560\" src=\"https:\/\/www.integra-abp.org.mx\/wp-content\/uploads\/2021\/03\/CONSULTORIO-NEUROLOGIA.jpg\" data-src=\"https:\/\/www.integra-abp.org.mx\/wp-content\/uploads\/2021\/03\/CONSULTORIO-NEUROLOGIA.jpg\" data-caption=\"Consultorio de Neurolog\u00eda\" srcset=\"https:\/\/www.integra-abp.org.mx\/wp-content\/uploads\/2021\/03\/CONSULTORIO-NEUROLOGIA-scaled.jpg 1920w, https:\/\/www.integra-abp.org.mx\/wp-content\/uploads\/2021\/03\/CONSULTORIO-NEUROLOGIA-225x300.jpg 225w, https:\/\/www.integra-abp.org.mx\/wp-content\/uploads\/2021\/03\/CONSULTORIO-NEUROLOGIA-768x1024.jpg 768w, https:\/\/www.integra-abp.org.mx\/wp-content\/uploads\/2021\/03\/CONSULTORIO-NEUROLOGIA-1152x1536.jpg 1152w, https:\/\/www.integra-abp.org.mx\/wp-content\/uploads\/2021\/03\/CONSULTORIO-NEUROLOGIA-1536x2048.jpg 1536w, https:\/\/www.integra-abp.org.mx\/wp-content\/uploads\/2021\/03\/CONSULTORIO-NEUROLOGIA-500x667.jpg 500w, https:\/\/www.integra-abp.org.mx\/wp-content\/uploads\/2021\/03\/CONSULTORIO-NEUROLOGIA-800x1067.jpg 800w, https:\/\/www.integra-abp.org.mx\/wp-content\/uploads\/2021\/03\/CONSULTORIO-NEUROLOGIA-1280x1707.jpg 1280w\" sizes=\"auto, (max-width: 1920px) 100vw, 1920px\" \/>\n\t<\/div>\n\n<\/div>\t\t\n\t<\/div>\n\n\t\n\t\n\t<script type=\"application\/ld+json\">\n\t{\n\t\t\"@context\": \"http:\/\/schema.org\",\n\t\t\"@type\"   : \"ImageGallery\",\n\t\t\"id\"      : \"https:\/\/www.integra-abp.org.mx\/?page_id=9\/\",\n\t\t\"url\"     : \"https:\/\/www.integra-abp.org.mx\/?page_id=9\/\"\n\t}\n\n\t<\/script>\n\n\t\n<\/div><\/div>\n<\/div>\n<div class=\"instalaciones-list\">\n<h2>Testimonios<\/h2>\n<\/div>\n<\/div>\n<\/div>\n","protected":false},"excerpt":{"rendered":"<p>Consulta Externa, a trav\u00e9s de este programa se tiene un acercamiento directo con los pacientes y son asignados al servicio que requieren, como puede ser Psicolog\u00eda, Psiquiatr\u00eda, Neurolog\u00eda, Neuropeditar\u00eda, Neurorehabilitaci\u00f3n, Estudio de electroencefalograma o Pruebas para evaluar d\u00e9ficit de atenci\u00f3n o hiperactividad o autismo. Servicios Psicolog\u00eda Lunes a Viernes 9:00 AM A 1:00 PM Y [&hellip;]<\/p>\n","protected":false},"author":1,"featured_media":0,"parent":0,"menu_order":0,"comment_status":"closed","ping_status":"closed","template":"consulta.php","meta":{"footnotes":""},"class_list":["post-9","page","type-page","status-publish","hentry"],"_links":{"self":[{"href":"https:\/\/www.integra-abp.org.mx\/index.php?rest_route=\/wp\/v2\/pages\/9","targetHints":{"allow":["GET"]}}],"collection":[{"href":"https:\/\/www.integra-abp.org.mx\/index.php?rest_route=\/wp\/v2\/pages"}],"about":[{"href":"https:\/\/www.integra-abp.org.mx\/index.php?rest_route=\/wp\/v2\/types\/page"}],"author":[{"embeddable":true,"href":"https:\/\/www.integra-abp.org.mx\/index.php?rest_route=\/wp\/v2\/users\/1"}],"replies":[{"embeddable":true,"href":"https:\/\/www.integra-abp.org.mx\/index.php?rest_route=%2Fwp%2Fv2%2Fcomments&post=9"}],"version-history":[{"count":42,"href":"https:\/\/www.integra-abp.org.mx\/index.php?rest_route=\/wp\/v2\/pages\/9\/revisions"}],"predecessor-version":[{"id":875,"href":"https:\/\/www.integra-abp.org.mx\/index.php?rest_route=\/wp\/v2\/pages\/9\/revisions\/875"}],"wp:attachment":[{"href":"https:\/\/www.integra-abp.org.mx\/index.php?rest_route=%2Fwp%2Fv2%2Fmedia&parent=9"}],"curies":[{"name":"wp","href":"https:\/\/api.w.org\/{rel}","templated":true}]}}