{"id":38,"date":"2021-03-03T18:50:18","date_gmt":"2021-03-03T18:50:18","guid":{"rendered":"https:\/\/www.integra-abp.org.mx\/?page_id=38"},"modified":"2024-09-27T16:07:01","modified_gmt":"2024-09-27T16:07:01","slug":"reconocimientos-y-certificaciones","status":"publish","type":"page","link":"https:\/\/www.integra-abp.org.mx\/?page_id=38","title":{"rendered":"Reconocimientos y Certificaciones"},"content":{"rendered":"<p>&nbsp;<\/p>\n<div class=\"container\" style=\"padding-top: 2%; color: #157dbf;\">\n<div class=\"row\">\n<div class=\"col-md-12 animado subtitulos_reconocimientos\">\n<h2>Reconocimientos<\/h2>\n<p>El objetivo principal de atender a personas con trastornos mentales, nos ha sido reconocido a trav\u00e9s de:<\/p>\n<\/div>\n<div class=\"col-md-12 animado\">\n<div class=\"categorias\" style=\"padding-top: 2%!important; padding-bottom: 2%!important; margin-bottom: 4%;\">\n<p style=\"text-align: justify; font-size: 1.7rem; color: #fff;\">04 de agosto 2024<br \/>\nINTEGRA, A.B.P. DE FIESTA<br \/>\nNos sentimos profundamente honrados al recibir el prestigioso Galard\u00f3n &#8220;Tambora de Villaseca,&#8221; un reconocimiento que a\u00f1o tras a\u00f1o se otorga a aquellos linarenses que han puesto en alto el nombre de nuestro querido Pueblo M\u00e1gico.<br \/>\nLa Tambora de Villaseca, s\u00edmbolo de nuestra identidad y amor por Linares, nos ha honrado con este reconocimiento del R. Ayuntamiento de Linares. Este galard\u00f3n no solo celebra nuestra historia, sino que tambi\u00e9n reafirma el compromiso que asumimos hace m\u00e1s de 60 a\u00f1os cuando un grupo de linarenses decidi\u00f3 trabajar en beneficio de la comunidad, ofreciendo asistencia social y, ahora, promoviendo el bienestar mental a trav\u00e9s de la atenci\u00f3n, prevenci\u00f3n y tratamiento de la salud mental en el noreste de M\u00e9xico y m\u00e1s all\u00e1.<br \/>\nAgradecemos sinceramente este honor y renovamos nuestro compromiso de seguir sirviendo a nuestra comunidad con dedicaci\u00f3n y pasi\u00f3n.<\/p>\n<\/div>\n<\/div>\n<p>&nbsp;<\/p>\n\n\t\t<style type=\"text\/css\">\n\t\t\t#gallery-1 {\n\t\t\t\tmargin: auto;\n\t\t\t}\n\t\t\t#gallery-1 .gallery-item {\n\t\t\t\tfloat: left;\n\t\t\t\tmargin-top: 10px;\n\t\t\t\ttext-align: center;\n\t\t\t\twidth: 100%;\n\t\t\t}\n\t\t\t#gallery-1 img {\n\t\t\t\tborder: 2px solid #cfcfcf;\n\t\t\t}\n\t\t\t#gallery-1 .gallery-caption {\n\t\t\t\tmargin-left: 0;\n\t\t\t}\n\t\t\t\/* see gallery_shortcode() in wp-includes\/media.php *\/\n\t\t<\/style>\n\t\t<div id='gallery-1' class='gallery galleryid-38 gallery-columns-1 gallery-size-large'><dl class='gallery-item'>\n\t\t\t<dt class='gallery-icon landscape'>\n\t\t\t\t<img loading=\"lazy\" decoding=\"async\" width=\"1024\" height=\"682\" src=\"https:\/\/www.integra-abp.org.mx\/wp-content\/uploads\/2024\/09\/454239705_947355054073386_8316595789734100268_n-1024x682.jpg\" class=\"attachment-large size-large\" alt=\"\" srcset=\"https:\/\/www.integra-abp.org.mx\/wp-content\/uploads\/2024\/09\/454239705_947355054073386_8316595789734100268_n-1024x682.jpg 1024w, https:\/\/www.integra-abp.org.mx\/wp-content\/uploads\/2024\/09\/454239705_947355054073386_8316595789734100268_n-300x200.jpg 300w, https:\/\/www.integra-abp.org.mx\/wp-content\/uploads\/2024\/09\/454239705_947355054073386_8316595789734100268_n-768x512.jpg 768w, https:\/\/www.integra-abp.org.mx\/wp-content\/uploads\/2024\/09\/454239705_947355054073386_8316595789734100268_n-1536x1023.jpg 1536w, https:\/\/www.integra-abp.org.mx\/wp-content\/uploads\/2024\/09\/454239705_947355054073386_8316595789734100268_n-500x333.jpg 500w, https:\/\/www.integra-abp.org.mx\/wp-content\/uploads\/2024\/09\/454239705_947355054073386_8316595789734100268_n-800x533.jpg 800w, https:\/\/www.integra-abp.org.mx\/wp-content\/uploads\/2024\/09\/454239705_947355054073386_8316595789734100268_n-1280x853.jpg 1280w, https:\/\/www.integra-abp.org.mx\/wp-content\/uploads\/2024\/09\/454239705_947355054073386_8316595789734100268_n.jpg 1600w\" sizes=\"auto, (max-width: 1024px) 100vw, 1024px\" \/>\n\t\t\t<\/dt><\/dl><br style=\"clear: both\" \/><dl class='gallery-item'>\n\t\t\t<dt class='gallery-icon landscape'>\n\t\t\t\t<img loading=\"lazy\" decoding=\"async\" width=\"1024\" height=\"682\" src=\"https:\/\/www.integra-abp.org.mx\/wp-content\/uploads\/2024\/09\/454404651_947354967406728_8599771764173730203_n-1024x682.jpg\" class=\"attachment-large size-large\" alt=\"\" srcset=\"https:\/\/www.integra-abp.org.mx\/wp-content\/uploads\/2024\/09\/454404651_947354967406728_8599771764173730203_n-1024x682.jpg 1024w, https:\/\/www.integra-abp.org.mx\/wp-content\/uploads\/2024\/09\/454404651_947354967406728_8599771764173730203_n-300x200.jpg 300w, https:\/\/www.integra-abp.org.mx\/wp-content\/uploads\/2024\/09\/454404651_947354967406728_8599771764173730203_n-768x512.jpg 768w, https:\/\/www.integra-abp.org.mx\/wp-content\/uploads\/2024\/09\/454404651_947354967406728_8599771764173730203_n-1536x1023.jpg 1536w, https:\/\/www.integra-abp.org.mx\/wp-content\/uploads\/2024\/09\/454404651_947354967406728_8599771764173730203_n-500x333.jpg 500w, https:\/\/www.integra-abp.org.mx\/wp-content\/uploads\/2024\/09\/454404651_947354967406728_8599771764173730203_n-800x533.jpg 800w, https:\/\/www.integra-abp.org.mx\/wp-content\/uploads\/2024\/09\/454404651_947354967406728_8599771764173730203_n-1280x853.jpg 1280w, https:\/\/www.integra-abp.org.mx\/wp-content\/uploads\/2024\/09\/454404651_947354967406728_8599771764173730203_n.jpg 1600w\" sizes=\"auto, (max-width: 1024px) 100vw, 1024px\" \/>\n\t\t\t<\/dt><\/dl><br style=\"clear: both\" \/>\n\t\t<\/div>\n\n<div class=\"col-md-12 animado\"><\/div>\n<\/div>\n<div class=\"col-md-12 animado\">\n<div class=\"categorias\" style=\"padding-top: 2%!important; padding-bottom: 2%!important; margin-bottom: 4%;\">\n<p style=\"text-align: justify; font-size: 1.7rem; color: #fff;\">En <b>Octubre 2001<\/b>, recibimos el <b>Premio Humanitario Luis Elizondo<\/b> que otorga el <b>Instituto Tecnol\u00f3gico de Estudios Superiores de Monterrey<\/b> a nivel Nacional.<\/p>\n<\/div>\n<div class=\"sombra\"><img decoding=\"async\" class=\"img-fluid\" style=\"display: block; margin: 0 auto; margin-bottom: 5%;\" src=\"https:\/\/www.integra-abp.org.mx\/wp-content\/uploads\/2021\/03\/PREMIO-HUMANITARIO-LUIS-ELIZONDO-2001.png\" \/><\/div>\n<\/div>\n<div class=\"col-md-12 animado\">\n<div class=\"categorias\" style=\"padding-top: 2%!important; padding-bottom: 2%!important; margin-bottom: 4%;\">\n<p style=\"text-align: justify; font-size: 1.7rem; color: #fff;\">El <b>23 de Mayo 2008<\/b>, recibimos la <b>Medalla al M\u00e9rito C\u00edvico 2007<\/b>, otorgado por el <b>Gobierno del Estado de Nuevo Le\u00f3n<\/b>, por el rubro de labor social.<\/p>\n<\/div>\n<div class=\"row sombra\">\n<div class=\"col-md-6\" style=\"margin-bottom: 5%;\"><img decoding=\"async\" class=\"img-fluid\" src=\"https:\/\/www.integra-abp.org.mx\/wp-content\/uploads\/2021\/03\/DISTINCION-CORRESPONSABILIDAD-SOCIAL-DE-LAS-OSC-POR-EL-ESTADO-DE-NUEVO-LEON-2.jpg\" \/><\/div>\n<div class=\"col-md-6\" style=\"margin-bottom: 5%;\"><img decoding=\"async\" class=\"img-fluid\" src=\"https:\/\/www.integra-abp.org.mx\/wp-content\/uploads\/2021\/03\/DISTINCION-CORRESPONSABILIDAD-SOCIAL-DE-LAS-OSC-POR-EL-ESTADO-DE-NUEVO-LEON-1.jpg\" \/><\/div>\n<\/div>\n<\/div>\n<div class=\"col-md-12 animado subtitulos_reconocimientos\">\n<h2 style=\"text-align: center; margin-top: 5%;\">Certificaciones<\/h2>\n<\/div>\n<div class=\"col-md-12 animado\">\n<div class=\"row categorias\" style=\"padding-top: 2%!important; padding-bottom: 2%!important; margin-bottom: 4%;\">\n<div class=\"col-md-8\">\n<p style=\"text-align: justify; font-size: 1.7rem; color: #fff;\">El <b>25 de Enero 2006<\/b>, recibimos la <b>Acreditaci\u00f3n de Institucionalidad y Transparencia<\/b> que otorg\u00f3 el <b>Centro Mexicano para la Filantrop\u00eda<\/b>, en la ciudad de M\u00e9xico.<\/p>\n<\/div>\n<div class=\"col-md-4\" style=\"text-align: center; margin-bottom: 5%;\"><img decoding=\"async\" class=\"img-fluid\" style=\"max-width: 45%;\" src=\" https:\/\/www.integra-abp.org.mx\/wp-content\/uploads\/2021\/03\/institucionalidad_y_transparencia.png\" \/><\/div>\n<\/div>\n<div class=\"row sombra\">\n<div class=\"col-md-4\" style=\"margin-bottom: 5%;\"><img decoding=\"async\" class=\"img-fluid\" src=\"https:\/\/www.integra-abp.org.mx\/wp-content\/uploads\/2021\/03\/ACREDITACIO\u0301N-2006-001.jpg\" \/><\/div>\n<div class=\"col-md-4\" style=\"margin-bottom: 5%;\"><img decoding=\"async\" class=\"img-fluid\" src=\"https:\/\/www.integra-abp.org.mx\/wp-content\/uploads\/2021\/03\/ACREDITACIO\u0301N-2006-003.jpg\" \/><\/div>\n<div class=\"col-md-4\" style=\"margin-bottom: 5%;\"><img decoding=\"async\" class=\"img-fluid\" src=\"https:\/\/www.integra-abp.org.mx\/wp-content\/uploads\/2021\/03\/ACREDITACIO\u0301N-2006-005.jpg\" \/><\/div>\n<div class=\"col-md-12 animado\">\n<div class=\"categorias\" style=\"padding-top: 2%!important; padding-bottom: 2%!important; margin-bottom: 4%;\">\n<p style=\"text-align: justify; font-size: 1.7rem; color: #fff;\">En <b>Abril 1989<\/b>, recibimos la <b>Presea Sebasti\u00e1n Villegas Cumplido<\/b> que otorga el Municipio de Linares, Nuevo Le\u00f3n.<\/p>\n<\/div>\n<div class=\"row sombra\">\n<div class=\"col-md-4\" style=\"margin-bottom: 5%;\"><img decoding=\"async\" class=\"img-fluid\" src=\"https:\/\/www.integra-abp.org.mx\/wp-content\/uploads\/2021\/03\/PRESEA-SEBASTIAN-VILLEGAS-CUMPLIDO-1-scaled.jpg\" \/><\/div>\n<div class=\"col-md-4\" style=\"margin-bottom: 5%;\"><img decoding=\"async\" class=\"img-fluid\" src=\"https:\/\/www.integra-abp.org.mx\/wp-content\/uploads\/2021\/03\/PRESEA-SEBASTIAN-VILLEGAS-CUMPLIDO-2-scaled.jpg\" \/><\/div>\n<div class=\"col-md-4\" style=\"margin-bottom: 5%;\"><img decoding=\"async\" class=\"img-fluid\" src=\"https:\/\/www.integra-abp.org.mx\/wp-content\/uploads\/2021\/03\/PRESEA-SEBASTIAN-VILLEGAS-CUMPLIDO-3-scaled.jpg\" \/><\/div>\n<\/div>\n<\/div>\n<\/div>\n<\/div>\n<\/div>\n","protected":false},"excerpt":{"rendered":"<p>&nbsp; Reconocimientos El objetivo principal de atender a personas con trastornos mentales, nos ha sido reconocido a trav\u00e9s de: 04 de agosto 2024 INTEGRA, A.B.P. DE FIESTA Nos sentimos profundamente honrados al recibir el prestigioso Galard\u00f3n &#8220;Tambora de Villaseca,&#8221; un reconocimiento que a\u00f1o tras a\u00f1o se otorga a aquellos linarenses que han puesto en alto [&hellip;]<\/p>\n","protected":false},"author":1,"featured_media":0,"parent":0,"menu_order":0,"comment_status":"closed","ping_status":"closed","template":"reconocimientos.php","meta":{"footnotes":""},"class_list":["post-38","page","type-page","status-publish","hentry"],"_links":{"self":[{"href":"https:\/\/www.integra-abp.org.mx\/index.php?rest_route=\/wp\/v2\/pages\/38","targetHints":{"allow":["GET"]}}],"collection":[{"href":"https:\/\/www.integra-abp.org.mx\/index.php?rest_route=\/wp\/v2\/pages"}],"about":[{"href":"https:\/\/www.integra-abp.org.mx\/index.php?rest_route=\/wp\/v2\/types\/page"}],"author":[{"embeddable":true,"href":"https:\/\/www.integra-abp.org.mx\/index.php?rest_route=\/wp\/v2\/users\/1"}],"replies":[{"embeddable":true,"href":"https:\/\/www.integra-abp.org.mx\/index.php?rest_route=%2Fwp%2Fv2%2Fcomments&post=38"}],"version-history":[{"count":56,"href":"https:\/\/www.integra-abp.org.mx\/index.php?rest_route=\/wp\/v2\/pages\/38\/revisions"}],"predecessor-version":[{"id":832,"href":"https:\/\/www.integra-abp.org.mx\/index.php?rest_route=\/wp\/v2\/pages\/38\/revisions\/832"}],"wp:attachment":[{"href":"https:\/\/www.integra-abp.org.mx\/index.php?rest_route=%2Fwp%2Fv2%2Fmedia&parent=38"}],"curies":[{"name":"wp","href":"https:\/\/api.w.org\/{rel}","templated":true}]}}