{"id":36,"date":"2021-03-03T18:49:55","date_gmt":"2021-03-03T18:49:55","guid":{"rendered":"https:\/\/www.integra-abp.org.mx\/?page_id=36"},"modified":"2025-06-04T23:14:27","modified_gmt":"2025-06-04T23:14:27","slug":"alianzas","status":"publish","type":"page","link":"https:\/\/www.integra-abp.org.mx\/?page_id=36","title":{"rendered":"Colaboradores y Alianzas"},"content":{"rendered":"<p>&nbsp;<\/p>\n<section class=\"container ppss\">\n<div class=\"row\" style=\"padding: 3%;\">\n<div class=\"col-md-12 subtitulo\">\n<h4>MIEMBROS DEL PATRONATO<br \/>\nINTEGRA, A.B.P.<\/h4>\n<\/div>\n<\/div>\n<div class=\"row categorias\" style=\"padding: 3%;\">\n<div class=\"col-md-6 col-12 animado\">\n<p><b>MAR\u00cdA EUGENIA SALDA\u00d1A D\u00cdAZ\u00a0<\/b><\/p>\n<p>PRESIDENTA<\/p>\n<p>&nbsp;<\/p>\n<p><b>MAR\u00cdA DOLORES C\u00c1RDENAS ZAMBRANO<\/b><\/p>\n<p>VICEPRESIDENTA<\/p>\n<p>&nbsp;<\/p>\n<p><b>MARTHA DOMITILA ROJAS CAVAZOS\u00a0<\/b><\/p>\n<p>SECRETARIA<\/p>\n<p>&nbsp;<\/p>\n<p><b>HILDA GARC\u00cdA L\u00d3PEZ\u00a0<\/b><\/p>\n<p>TESORERA<\/p>\n<p>&nbsp;<\/p>\n<p><b>LILIA ANGELNA GARZA ADAME\u00a0<\/b><\/p>\n<p>SUPLENTE DE TESORERA<\/p>\n<p>&nbsp;\n<\/p><\/div>\n<div class=\"col-md-6 col-12 animado\">\n<b>MARHTA ALICIA MOYA ANCHONDO\u00a0<\/b><\/p>\n<p>VOCAL 1<\/p>\n<p>&nbsp;<\/p>\n<p><b>NEDA LEILA BENDECK ANAST\u00c1S <\/b><\/p>\n<p>SUPLENTE DE VOCAL<\/p>\n<p>&nbsp;<\/p>\n<p><b>ANG\u00c9LICA YOLANDA ELIZONDO CANT\u00da<\/b><\/p>\n<p>VOCAL 2<\/p>\n<p>&nbsp;<\/p>\n<p><b>IDOLINA SAAVEDRA FRANCO <\/b><\/p>\n<p>SUPLENTE DE VOCAL 2<\/p>\n<p>&nbsp;<\/p>\n<p>&nbsp;<\/p>\n<p>&nbsp;<\/p>\n<\/div>\n<\/div>\n<div class=\"row\" style=\"padding: 3%;\">\n<div class=\"col-md-12 subtitulo\" style=\"margin-top: 5%;\">\n<h4>COMIT\u00c9 HUERTO DE TERAPIA HORT\u00cdCOLA<\/h4>\n<\/div>\n<\/div>\n<div class=\"row categorias\" style=\"padding: 3%; margin-bottom: 5%;\">\n<div class=\"col-md-12\" style=\"text-align: center;\">\n<p>ING. GERARDO ELIZONDO BARBA<\/p>\n<p>ING. OSCAR TREVI\u00d1O FERN\u00c1NDEZ<\/p>\n<p>LIC. GERARDO ALATORRE LOZANO<\/p>\n<p>PROF. \u00c1NGEL ALAMEDA PEDRAZA<\/p>\n<p>&nbsp;<\/p>\n<\/div>\n<\/div>\n<\/section>\n<div class=\"header_page\">\n<div class=\"titulo\">\n<h1 style=\"text-shadow: 0px 0px 2px black, 0 0 0.4em black, 0 0 0.2em black;\">Alianzas<\/h1>\n<\/div>\n<\/div>\n<div class=\"container clientes ppss\" style=\"margin-top: 3%; margin-bottom: 4%; color: #157dbf;\">\n<div id=\"carouselExampleControls\" class=\"carousel slide\" data-ride=\"carousel\">\n<div class=\"carousel-inner\">\n<div class=\"carousel-item active\" style=\"max-width: 1200px!important;\">\n<div class=\"row\" style=\"margin-bottom: 3%;\">\n<div class=\"col-md-2 col-3\"><img decoding=\"async\" class=\"img-fluid\" src=\"https:\/\/www.integra-abp.org.mx\/wp-content\/uploads\/2021\/03\/logo_utlinares.png\" \/><\/div>\n<div class=\"col-md-2 col-3\"><img decoding=\"async\" class=\"img-fluid\" src=\"https:\/\/www.integra-abp.org.mx\/wp-content\/uploads\/2021\/03\/logo_secretariadesaludnuevoleon.png\" \/><\/div>\n<div class=\"col-md-2 col-3\"><img decoding=\"async\" class=\"img-fluid\" src=\"https:\/\/www.integra-abp.org.mx\/wp-content\/uploads\/2021\/03\/logo_montemorelos.png\" \/><\/div>\n<div class=\"col-md-2 col-3\"><img decoding=\"async\" class=\"img-fluid\" src=\"https:\/\/www.integra-abp.org.mx\/wp-content\/uploads\/2021\/03\/logo_uanl.png\" \/><\/div>\n<div class=\"col-md-2 col-3\"><img decoding=\"async\" class=\"img-fluid\" src=\"https:\/\/www.integra-abp.org.mx\/wp-content\/uploads\/2021\/03\/logo_prepauanl.png\" \/><\/div>\n<div class=\"col-md-2 col-3\"><img decoding=\"async\" class=\"img-fluid\" src=\"https:\/\/www.integra-abp.org.mx\/wp-content\/uploads\/2021\/03\/logo_preparatoriaalvaroobregon.png\" \/><\/div>\n<\/div>\n<div class=\"row\">\n<div class=\"col-md-2 col-3\"><img decoding=\"async\" class=\"img-fluid\" src=\"https:\/\/www.integra-abp.org.mx\/wp-content\/uploads\/2021\/03\/logo_secretariadeeducacionnuevoleon.png\" \/><\/div>\n<div class=\"col-md-2 col-3\"><img decoding=\"async\" class=\"img-fluid\" src=\"https:\/\/www.integra-abp.org.mx\/wp-content\/uploads\/2021\/03\/logonacionalmontedepiedad.png\" \/><\/div>\n<div class=\"col-md-2 col-3\"><img decoding=\"async\" class=\"img-fluid\" src=\"https:\/\/www.integra-abp.org.mx\/wp-content\/uploads\/2021\/03\/logo_nova.png\" \/><\/div>\n<div class=\"col-md-2 col-3\"><img decoding=\"async\" class=\"img-fluid\" src=\"https:\/\/www.integra-abp.org.mx\/wp-content\/uploads\/2021\/03\/logo_municipiolinares.png\" \/><\/div>\n<div class=\"col-md-2 col-3\"><img decoding=\"async\" class=\"img-fluid\" src=\"https:\/\/www.integra-abp.org.mx\/wp-content\/uploads\/2021\/03\/logo_lamision.png\" \/><\/div>\n<div class=\"col-md-2 col-3\"><img decoding=\"async\" class=\"img-fluid\" src=\"https:\/\/www.integra-abp.org.mx\/wp-content\/uploads\/2021\/03\/logo_institutotecnologicolinares.png\" \/><\/div>\n<\/div>\n<\/div>\n<div class=\"carousel-item\" style=\"max-width: 1200px!important;\">\n<div class=\"row\" style=\"margin-bottom: 3%;\">\n<div class=\"col-md-2 col-3\"><img decoding=\"async\" class=\"img-fluid\" src=\"https:\/\/www.integra-abp.org.mx\/wp-content\/uploads\/2021\/03\/logo_instituodeenfermeria.png\" \/><\/div>\n<div class=\"col-md-2 col-3\"><img decoding=\"async\" class=\"img-fluid\" src=\"https:\/\/www.integra-abp.org.mx\/wp-content\/uploads\/2021\/03\/logo_institutoguadalupe.png\" \/><\/div>\n<div class=\"col-md-2 col-3\"><img decoding=\"async\" class=\"img-fluid\" src=\"https:\/\/www.integra-abp.org.mx\/wp-content\/uploads\/2021\/03\/logo_fundacionpromax.png\" \/><\/div>\n<div class=\"col-md-2 col-3\"><img decoding=\"async\" class=\"img-fluid\" src=\"https:\/\/www.integra-abp.org.mx\/wp-content\/uploads\/2021\/03\/logo_fundacionsoriana.png\" \/><\/div>\n<div class=\"col-md-2 col-3\"><img decoding=\"async\" class=\"img-fluid\" src=\"https:\/\/www.integra-abp.org.mx\/wp-content\/uploads\/2021\/03\/logo_fundaciontrevinoelizondo.png\" \/><\/div>\n<div class=\"col-md-2 col-3\"><img decoding=\"async\" class=\"img-fluid\" src=\"https:\/\/www.integra-abp.org.mx\/wp-content\/uploads\/2021\/03\/logo_jesusmmontemayor.png\" \/><\/div>\n<\/div>\n<div class=\"row\">\n<div class=\"col-md-2 col-3\"><img decoding=\"async\" class=\"img-fluid\" src=\"https:\/\/www.integra-abp.org.mx\/wp-content\/uploads\/2021\/03\/logo_fomentomoralyeducativo.png\" \/><\/div>\n<div class=\"col-md-2 col-3\"><img decoding=\"async\" class=\"img-fluid\" src=\"https:\/\/www.integra-abp.org.mx\/wp-content\/uploads\/2021\/03\/logo_facultadcienciasforestales.png\" \/><\/div>\n<div class=\"col-md-2 col-3\"><img decoding=\"async\" class=\"img-fluid\" src=\"https:\/\/www.integra-abp.org.mx\/wp-content\/uploads\/2021\/03\/logo_uanl.png\" \/><\/div>\n<div class=\"col-md-2 col-3\"><img decoding=\"async\" class=\"img-fluid\" src=\"https:\/\/www.integra-abp.org.mx\/wp-content\/uploads\/2021\/03\/facultad_derechoycriminologia.png\" \/><\/div>\n<div class=\"col-md-2 col-3\"><img loading=\"lazy\" decoding=\"async\" class=\"img-fluid alignnone\" src=\"https:\/\/www.integra-abp.org.mx\/wp-content\/uploads\/2021\/03\/logo_facultadcienciasdelatierra.png\" alt=\"\" width=\"250\" height=\"250\" \/><\/div>\n<\/div>\n<div class=\"row\">\n<div><img loading=\"lazy\" decoding=\"async\" class=\"img-fluid alignnone wp-image-928 \" src=\"https:\/\/www.integra-abp.org.mx\/wp-content\/uploads\/2025\/01\/Supermercados_cadena_Ciudad_Juarez-300x168.png\" alt=\"\" width=\"263\" height=\"147\" srcset=\"https:\/\/www.integra-abp.org.mx\/wp-content\/uploads\/2025\/01\/Supermercados_cadena_Ciudad_Juarez-300x168.png 300w, https:\/\/www.integra-abp.org.mx\/wp-content\/uploads\/2025\/01\/Supermercados_cadena_Ciudad_Juarez-1024x574.png 1024w, https:\/\/www.integra-abp.org.mx\/wp-content\/uploads\/2025\/01\/Supermercados_cadena_Ciudad_Juarez-768x431.png 768w, https:\/\/www.integra-abp.org.mx\/wp-content\/uploads\/2025\/01\/Supermercados_cadena_Ciudad_Juarez-500x280.png 500w, https:\/\/www.integra-abp.org.mx\/wp-content\/uploads\/2025\/01\/Supermercados_cadena_Ciudad_Juarez-800x448.png 800w, https:\/\/www.integra-abp.org.mx\/wp-content\/uploads\/2025\/01\/Supermercados_cadena_Ciudad_Juarez-1280x718.png 1280w, https:\/\/www.integra-abp.org.mx\/wp-content\/uploads\/2025\/01\/Supermercados_cadena_Ciudad_Juarez.png 1427w\" sizes=\"auto, (max-width: 263px) 100vw, 263px\" \/><\/div>\n<div><img loading=\"lazy\" decoding=\"async\" class=\"img-fluid alignnone wp-image-927 \" src=\"https:\/\/www.integra-abp.org.mx\/wp-content\/uploads\/2025\/01\/logo-Saavedra-150x150.png\" alt=\"\" width=\"229\" height=\"229\" srcset=\"https:\/\/www.integra-abp.org.mx\/wp-content\/uploads\/2025\/01\/logo-Saavedra-150x150.png 150w, https:\/\/www.integra-abp.org.mx\/wp-content\/uploads\/2025\/01\/logo-Saavedra-50x50.png 50w\" sizes=\"auto, (max-width: 229px) 100vw, 229px\" \/><\/div>\n<\/div>\n<\/div>\n<\/div>\n<p><a class=\"carousel-control-prev\" style=\"color: #393939;\" role=\"button\" href=\"#carouselExampleControls\" data-slide=\"prev\"><br \/>\n<i class=\"fas fa-chevron-circle-left fa-3x\"><\/i><br \/>\n<\/a><br \/>\n<a class=\"carousel-control-next\" style=\"color: #393939;\" role=\"button\" href=\"#carouselExampleControls\" data-slide=\"next\"><br \/>\n<i class=\"fas fa-chevron-circle-right fa-3x\"><\/i><br \/>\n<\/a><\/p>\n<\/div>\n<\/div>\n","protected":false},"excerpt":{"rendered":"<p>&nbsp; MIEMBROS DEL PATRONATO INTEGRA, A.B.P. MAR\u00cdA EUGENIA SALDA\u00d1A D\u00cdAZ\u00a0 PRESIDENTA &nbsp; MAR\u00cdA DOLORES C\u00c1RDENAS ZAMBRANO VICEPRESIDENTA &nbsp; MARTHA DOMITILA ROJAS CAVAZOS\u00a0 SECRETARIA &nbsp; HILDA GARC\u00cdA L\u00d3PEZ\u00a0 TESORERA &nbsp; LILIA ANGELNA GARZA ADAME\u00a0 SUPLENTE DE TESORERA &nbsp; MARHTA ALICIA MOYA ANCHONDO\u00a0 VOCAL 1 &nbsp; NEDA LEILA BENDECK ANAST\u00c1S SUPLENTE DE VOCAL &nbsp; ANG\u00c9LICA YOLANDA ELIZONDO [&hellip;]<\/p>\n","protected":false},"author":1,"featured_media":0,"parent":0,"menu_order":0,"comment_status":"closed","ping_status":"closed","template":"colaboradores.php","meta":{"footnotes":""},"class_list":["post-36","page","type-page","status-publish","hentry"],"_links":{"self":[{"href":"https:\/\/www.integra-abp.org.mx\/index.php?rest_route=\/wp\/v2\/pages\/36","targetHints":{"allow":["GET"]}}],"collection":[{"href":"https:\/\/www.integra-abp.org.mx\/index.php?rest_route=\/wp\/v2\/pages"}],"about":[{"href":"https:\/\/www.integra-abp.org.mx\/index.php?rest_route=\/wp\/v2\/types\/page"}],"author":[{"embeddable":true,"href":"https:\/\/www.integra-abp.org.mx\/index.php?rest_route=\/wp\/v2\/users\/1"}],"replies":[{"embeddable":true,"href":"https:\/\/www.integra-abp.org.mx\/index.php?rest_route=%2Fwp%2Fv2%2Fcomments&post=36"}],"version-history":[{"count":67,"href":"https:\/\/www.integra-abp.org.mx\/index.php?rest_route=\/wp\/v2\/pages\/36\/revisions"}],"predecessor-version":[{"id":988,"href":"https:\/\/www.integra-abp.org.mx\/index.php?rest_route=\/wp\/v2\/pages\/36\/revisions\/988"}],"wp:attachment":[{"href":"https:\/\/www.integra-abp.org.mx\/index.php?rest_route=%2Fwp%2Fv2%2Fmedia&parent=36"}],"curies":[{"name":"wp","href":"https:\/\/api.w.org\/{rel}","templated":true}]}}