{"id":17,"date":"2021-03-03T17:37:17","date_gmt":"2021-03-03T17:37:17","guid":{"rendered":"https:\/\/www.integra-abp.org.mx\/?page_id=17"},"modified":"2022-03-25T16:32:26","modified_gmt":"2022-03-25T16:32:26","slug":"practicas-profesionales-y-servicio-social","status":"publish","type":"page","link":"https:\/\/www.integra-abp.org.mx\/?page_id=17","title":{"rendered":"Pr\u00e1cticas profesionales y servicio social"},"content":{"rendered":"<div class=\"categorias\">\r\n<p>Nuestra instituci\u00f3n brinda espacios en donde los profesionistas pueden realizar:<\/p>\r\n\r\n\r\n\r\n<ul class=\"wp-block-list\">\r\n<li>Servicio Social<\/li>\r\n<li>Pr\u00e1cticas Profesionales<\/li>\r\n<li>Servicio Comunitario<\/li>\r\n<\/ul>\r\n<p>Centro de Bachillerato Tecnol\u00f3gico Agropecuario 29 de Linares\u00a0 CBTA29 \/ Colegio Nacional de Educaci\u00f3n Profesional T\u00e9cnica\u00a0 CONALEP \/ Colegio de Estudios Cient\u00edficos y Tecnol\u00f3gicos\u00a0 CECyTE \/\u00a0Instituto Enfermer\u00eda Latino<\/p>\r\n<p>Universidad Aut\u00f3noma de Nuevo Le\u00f3n:\u00a0 Facultad de Ciencias de la Tierra \/ Facultad de Ciencias Forestales \/ Facultad de Enfermer\u00eda \/ Facultad de Derecho y Criminolog\u00eda \/ Facultad de Contadur\u00eda P\u00fablica y Administraci\u00f3n<\/p>\r\n<p>Universidad de Montemorelos: \u00a0Facultad de Medicina \/ Facultad de Psicolog\u00eda \/ Facultad de Nutrici\u00f3n<\/p>\r\n<\/div>\r\n<div class=\"contenedor-ppss\">\u00a0\r\n<div class=\"imagen-ppss\">\u00a0 <img loading=\"lazy\" decoding=\"async\" class=\"alignnone size-medium wp-image-424 img-fluid\" src=\"https:\/\/www.integra-abp.org.mx\/wp-content\/uploads\/2021\/03\/logo_universidadautonomadenuevoleon.png\" alt=\"\" width=\"150\" height=\"150\" srcset=\"https:\/\/www.integra-abp.org.mx\/wp-content\/uploads\/2021\/03\/logo_universidadautonomadenuevoleon.png 250w, https:\/\/www.integra-abp.org.mx\/wp-content\/uploads\/2021\/03\/logo_universidadautonomadenuevoleon-150x150.png 150w\" sizes=\"auto, (max-width: 150px) 100vw, 150px\" \/><\/div>\r\n<div class=\"imagen-ppss\"><img loading=\"lazy\" decoding=\"async\" class=\"alignnone size-medium wp-image-410 img-fluid\" src=\"https:\/\/www.integra-abp.org.mx\/wp-content\/uploads\/2021\/03\/logo_instituodeenfermeria.png\" alt=\"\" width=\"150\" height=\"150\" srcset=\"https:\/\/www.integra-abp.org.mx\/wp-content\/uploads\/2021\/03\/logo_instituodeenfermeria.png 250w, https:\/\/www.integra-abp.org.mx\/wp-content\/uploads\/2021\/03\/logo_instituodeenfermeria-150x150.png 150w\" sizes=\"auto, (max-width: 150px) 100vw, 150px\" \/><\/div>\r\n<div class=\"imagen-ppss\"><img loading=\"lazy\" decoding=\"async\" class=\"alignnone size-full wp-image-415\" src=\"https:\/\/www.integra-abp.org.mx\/wp-content\/uploads\/2021\/03\/logo_montemorelos.png\" alt=\"\" width=\"150\" height=\"150\" srcset=\"https:\/\/www.integra-abp.org.mx\/wp-content\/uploads\/2021\/03\/logo_montemorelos.png 250w, https:\/\/www.integra-abp.org.mx\/wp-content\/uploads\/2021\/03\/logo_montemorelos-150x150.png 150w\" sizes=\"auto, (max-width: 150px) 100vw, 150px\" \/><\/div>\r\n<div class=\"imagen-ppss\"><img loading=\"lazy\" decoding=\"async\" class=\"alignnone size-full wp-image-403\" src=\"https:\/\/www.integra-abp.org.mx\/wp-content\/uploads\/2021\/03\/logo_facultadcienciasforestales.png\" alt=\"\" width=\"150\" height=\"150\" srcset=\"https:\/\/www.integra-abp.org.mx\/wp-content\/uploads\/2021\/03\/logo_facultadcienciasforestales.png 250w, https:\/\/www.integra-abp.org.mx\/wp-content\/uploads\/2021\/03\/logo_facultadcienciasforestales-150x150.png 150w\" sizes=\"auto, (max-width: 150px) 100vw, 150px\" \/><\/div>\r\n<div class=\"imagen-ppss\"><img loading=\"lazy\" decoding=\"async\" class=\"alignnone size-full wp-image-402\" src=\"https:\/\/www.integra-abp.org.mx\/wp-content\/uploads\/2021\/03\/logo_facultadcienciasdelatierra.png\" alt=\"\" width=\"150\" height=\"150\" srcset=\"https:\/\/www.integra-abp.org.mx\/wp-content\/uploads\/2021\/03\/logo_facultadcienciasdelatierra.png 250w, https:\/\/www.integra-abp.org.mx\/wp-content\/uploads\/2021\/03\/logo_facultadcienciasdelatierra-150x150.png 150w\" sizes=\"auto, (max-width: 150px) 100vw, 150px\" \/><\/div>\r\n<div class=\"imagen-ppss\"><img loading=\"lazy\" decoding=\"async\" class=\"alignnone size-full wp-image-398\" src=\"https:\/\/www.integra-abp.org.mx\/wp-content\/uploads\/2021\/03\/logo_cecyte.png\" alt=\"\" width=\"150\" height=\"150\" srcset=\"https:\/\/www.integra-abp.org.mx\/wp-content\/uploads\/2021\/03\/logo_cecyte.png 250w, https:\/\/www.integra-abp.org.mx\/wp-content\/uploads\/2021\/03\/logo_cecyte-150x150.png 150w\" sizes=\"auto, (max-width: 150px) 100vw, 150px\" \/><\/div>\r\n<div class=\"imagen-ppss\"><img loading=\"lazy\" decoding=\"async\" class=\"alignnone size-full wp-image-397\" src=\"https:\/\/www.integra-abp.org.mx\/wp-content\/uploads\/2021\/03\/logo_cbta29.png\" alt=\"\" width=\"150\" height=\"150\" srcset=\"https:\/\/www.integra-abp.org.mx\/wp-content\/uploads\/2021\/03\/logo_cbta29.png 250w, https:\/\/www.integra-abp.org.mx\/wp-content\/uploads\/2021\/03\/logo_cbta29-150x150.png 150w\" sizes=\"auto, (max-width: 150px) 100vw, 150px\" \/><\/div>\r\n<div class=\"imagen-ppss\"><img loading=\"lazy\" decoding=\"async\" class=\"alignnone size-full wp-image-391\" src=\"https:\/\/www.integra-abp.org.mx\/wp-content\/uploads\/2021\/03\/facultad_derechoycriminologia.png\" alt=\"\" width=\"150\" height=\"150\" srcset=\"https:\/\/www.integra-abp.org.mx\/wp-content\/uploads\/2021\/03\/facultad_derechoycriminologia.png 250w, https:\/\/www.integra-abp.org.mx\/wp-content\/uploads\/2021\/03\/facultad_derechoycriminologia-150x150.png 150w\" sizes=\"auto, (max-width: 150px) 100vw, 150px\" \/><\/div>\r\n<\/div>\r\n<p><style type=\"text\/css\">\r\n.contenedor-ppss{\r\n  width: 100%; \r\n  height: 150px;\r\n  margin-top: 3%;  \r\n  display: inline-flex; \r\n  align-items: center; \r\n  justify-content: center;\r\n}\r\n\r\n.imagen-ppss{\r\n  width: 15%;  \r\n  margin-right: 2%;\r\n}\r\n<\/style><\/p>","protected":false},"excerpt":{"rendered":"<p>Nuestra instituci\u00f3n brinda espacios en donde los profesionistas pueden realizar: Servicio Social Pr\u00e1cticas Profesionales Servicio Comunitario Centro de Bachillerato Tecnol\u00f3gico Agropecuario 29 de Linares\u00a0 CBTA29 \/ Colegio Nacional de Educaci\u00f3n Profesional T\u00e9cnica\u00a0 CONALEP \/ Colegio de Estudios Cient\u00edficos y Tecnol\u00f3gicos\u00a0 CECyTE \/\u00a0Instituto Enfermer\u00eda Latino Universidad Aut\u00f3noma de Nuevo Le\u00f3n:\u00a0 Facultad de Ciencias de la Tierra [&hellip;]<\/p>\n","protected":false},"author":1,"featured_media":0,"parent":0,"menu_order":-3,"comment_status":"closed","ping_status":"closed","template":"practicapro.php","meta":{"footnotes":""},"class_list":["post-17","page","type-page","status-publish","hentry"],"_links":{"self":[{"href":"https:\/\/www.integra-abp.org.mx\/index.php?rest_route=\/wp\/v2\/pages\/17","targetHints":{"allow":["GET"]}}],"collection":[{"href":"https:\/\/www.integra-abp.org.mx\/index.php?rest_route=\/wp\/v2\/pages"}],"about":[{"href":"https:\/\/www.integra-abp.org.mx\/index.php?rest_route=\/wp\/v2\/types\/page"}],"author":[{"embeddable":true,"href":"https:\/\/www.integra-abp.org.mx\/index.php?rest_route=\/wp\/v2\/users\/1"}],"replies":[{"embeddable":true,"href":"https:\/\/www.integra-abp.org.mx\/index.php?rest_route=%2Fwp%2Fv2%2Fcomments&post=17"}],"version-history":[{"count":28,"href":"https:\/\/www.integra-abp.org.mx\/index.php?rest_route=\/wp\/v2\/pages\/17\/revisions"}],"predecessor-version":[{"id":774,"href":"https:\/\/www.integra-abp.org.mx\/index.php?rest_route=\/wp\/v2\/pages\/17\/revisions\/774"}],"wp:attachment":[{"href":"https:\/\/www.integra-abp.org.mx\/index.php?rest_route=%2Fwp%2Fv2%2Fmedia&parent=17"}],"curies":[{"name":"wp","href":"https:\/\/api.w.org\/{rel}","templated":true}]}}