{"id":15,"date":"2021-03-03T17:37:01","date_gmt":"2021-03-03T17:37:01","guid":{"rendered":"https:\/\/www.integra-abp.org.mx\/?page_id=15"},"modified":"2022-04-01T21:58:12","modified_gmt":"2022-04-01T21:58:12","slug":"prevencion","status":"publish","type":"page","link":"https:\/\/www.integra-abp.org.mx\/?page_id=15","title":{"rendered":"Donativos"},"content":{"rendered":"<div class=\"categorias\">\n<p>EFECTIVO:<\/p>\n<p>Donativos de $100 o m\u00e1s, te puedes comunicar al \u00e1rea de administraci\u00f3n en un horario de 9:00 a.m. a 7:30 p.m., al 821 212 11 14 Ext 4 o al correo integraabp@gmail.com podemos recogerlo en tu domicilio ubicado en Linares, Nuevo Le\u00f3n para programar la recolecci\u00f3n de tu aportaci\u00f3n.<\/p>\n<p>&nbsp;<\/p>\n<p>DONATIVOS POR DEP\u00d3SITO O TRANSFERENCIA BANCARIA<\/p>\n<p>INTEGRA ABP<br \/>\nBanco: BANORTE<br \/>\nNo. Cuenta: 0060312028<br \/>\nNo. Clabe: 0725 9500 0603 1202 86<\/p>\n<p>Se aceptan transferencias de cualquier banco.<\/p>\n<p>&nbsp;<\/p>\n<p>DONATIVOS POR DEP\u00d3SITO TIENDAS SORIANA, AURRER\u00c1, FARMACIA DEL AHORRO, FARMACIAS GUADALAJARA, SUPER 7 Y TELECOM<\/p>\n<p>TARJETA DE D\u00c9BITO DE BANORTE<br \/>\nNo. Tarjeta: 4189 2810 4600 8778<\/p>\n<p>Por favor env\u00eda el comprobante de tu aportaci\u00f3n al correo integraabp@gmail.com e incluye los datos para generar tu recibo deducible (nombre, direcci\u00f3n fiscal, RFC, forma de pago y correo electr\u00f3nico) y te lo haremos llegar.<\/p>\n<\/div>\n","protected":false},"excerpt":{"rendered":"<p>EFECTIVO: Donativos de $100 o m\u00e1s, te puedes comunicar al \u00e1rea de administraci\u00f3n en un horario de 9:00 a.m. a 7:30 p.m., al 821 212 11 14 Ext 4 o al correo integraabp@gmail.com podemos recogerlo en tu domicilio ubicado en Linares, Nuevo Le\u00f3n para programar la recolecci\u00f3n de tu aportaci\u00f3n. &nbsp; DONATIVOS POR DEP\u00d3SITO O [&hellip;]<\/p>\n","protected":false},"author":1,"featured_media":0,"parent":0,"menu_order":0,"comment_status":"closed","ping_status":"closed","template":"donacion.php","meta":{"footnotes":""},"class_list":["post-15","page","type-page","status-publish","hentry"],"_links":{"self":[{"href":"https:\/\/www.integra-abp.org.mx\/index.php?rest_route=\/wp\/v2\/pages\/15","targetHints":{"allow":["GET"]}}],"collection":[{"href":"https:\/\/www.integra-abp.org.mx\/index.php?rest_route=\/wp\/v2\/pages"}],"about":[{"href":"https:\/\/www.integra-abp.org.mx\/index.php?rest_route=\/wp\/v2\/types\/page"}],"author":[{"embeddable":true,"href":"https:\/\/www.integra-abp.org.mx\/index.php?rest_route=\/wp\/v2\/users\/1"}],"replies":[{"embeddable":true,"href":"https:\/\/www.integra-abp.org.mx\/index.php?rest_route=%2Fwp%2Fv2%2Fcomments&post=15"}],"version-history":[{"count":12,"href":"https:\/\/www.integra-abp.org.mx\/index.php?rest_route=\/wp\/v2\/pages\/15\/revisions"}],"predecessor-version":[{"id":670,"href":"https:\/\/www.integra-abp.org.mx\/index.php?rest_route=\/wp\/v2\/pages\/15\/revisions\/670"}],"wp:attachment":[{"href":"https:\/\/www.integra-abp.org.mx\/index.php?rest_route=%2Fwp%2Fv2%2Fmedia&parent=15"}],"curies":[{"name":"wp","href":"https:\/\/api.w.org\/{rel}","templated":true}]}}